{"id":7,"date":"2025-12-08T18:40:01","date_gmt":"2025-12-08T18:40:01","guid":{"rendered":"https:\/\/adefia.com\/?page_id=7"},"modified":"2025-12-08T20:10:39","modified_gmt":"2025-12-08T20:10:39","slug":"adefia","status":"publish","type":"page","link":"https:\/\/adefia.com\/","title":{"rendered":"Stockage &#038; Environnement"},"content":{"rendered":"\n<div class=\"wp-block-group alignfull has-global-padding is-layout-constrained wp-block-group-is-layout-constrained\" style=\"margin-top:0;margin-bottom:0;padding-top:var(--wp--preset--spacing--50);padding-bottom:var(--wp--preset--spacing--50)\">\n<div class=\"wp-block-columns alignwide is-layout-flex wp-container-core-columns-is-layout-47c06fe3 wp-block-columns-is-layout-flex\">\n<div class=\"wp-block-column is-vertically-aligned-center is-layout-flow wp-container-core-column-is-layout-119bc444 wp-block-column-is-layout-flow\">\n<h2 class=\"wp-block-heading\"><\/h2>\n\n\n\n<p><em>Notre entreprise se consacre \u00e0 fournir des solutions de stockage adapt\u00e9es aux besoins de chacun de ses clients.<\/em><br><em>Nous offrons une vaste s\u00e9lection de conteneurs standard, mais nous&nbsp;proposons \u00e9galement des solutions sur mesure pour r\u00e9pondre \u00e0 toutes les demandes sp\u00e9cifiques.<\/em><\/p>\n\n\n\n<p><em>Notre bureau d&rsquo;\u00e9tude travaille en \u00e9troite collaboration avec ses clients pour cr\u00e9er des am\u00e9nagements personnalis\u00e9s qui r\u00e9pondent \u00e0 tous les besoins en mati\u00e8re de stoc<\/em>kage.<\/p>\n<\/div>\n<\/div>\n\n\n\n<figure class=\"wp-block-image size-large\"><img loading=\"lazy\" decoding=\"async\" width=\"1024\" height=\"871\" src=\"https:\/\/adefia.com\/wp-content\/uploads\/2025\/12\/MCO923ADZ-1024x871.jpg\" alt=\"\" class=\"wp-image-39\" srcset=\"https:\/\/adefia.com\/wp-content\/uploads\/2025\/12\/MCO923ADZ-1024x871.jpg 1024w, https:\/\/adefia.com\/wp-content\/uploads\/2025\/12\/MCO923ADZ-300x255.jpg 300w, https:\/\/adefia.com\/wp-content\/uploads\/2025\/12\/MCO923ADZ-768x653.jpg 768w, https:\/\/adefia.com\/wp-content\/uploads\/2025\/12\/MCO923ADZ-1536x1307.jpg 1536w, https:\/\/adefia.com\/wp-content\/uploads\/2025\/12\/MCO923ADZ.jpg 1776w\" sizes=\"auto, (max-width: 1024px) 100vw, 1024px\" \/><\/figure>\n\n\n\n<figure class=\"wp-block-gallery has-nested-images columns-default is-cropped wp-block-gallery-1 is-layout-flex wp-block-gallery-is-layout-flex\">\n<figure class=\"wp-block-image size-large\"><img loading=\"lazy\" decoding=\"async\" width=\"800\" height=\"600\" data-id=\"29\" src=\"https:\/\/adefia.com\/wp-content\/uploads\/2025\/12\/PAL3T.jpg\" alt=\"\" class=\"wp-image-29\" srcset=\"https:\/\/adefia.com\/wp-content\/uploads\/2025\/12\/PAL3T.jpg 800w, https:\/\/adefia.com\/wp-content\/uploads\/2025\/12\/PAL3T-300x225.jpg 300w, https:\/\/adefia.com\/wp-content\/uploads\/2025\/12\/PAL3T-768x576.jpg 768w\" sizes=\"auto, (max-width: 800px) 100vw, 800px\" \/><\/figure>\n\n\n\n<figure class=\"wp-block-image size-large\"><img loading=\"lazy\" decoding=\"async\" width=\"300\" height=\"300\" data-id=\"28\" src=\"https:\/\/adefia.com\/wp-content\/uploads\/2025\/12\/CONT-BAT-1.jpg\" alt=\"\" class=\"wp-image-28\" srcset=\"https:\/\/adefia.com\/wp-content\/uploads\/2025\/12\/CONT-BAT-1.jpg 300w, https:\/\/adefia.com\/wp-content\/uploads\/2025\/12\/CONT-BAT-1-150x150.jpg 150w\" sizes=\"auto, (max-width: 300px) 100vw, 300px\" \/><\/figure>\n\n\n\n<figure class=\"wp-block-image size-large\"><img loading=\"lazy\" decoding=\"async\" width=\"656\" height=\"800\" data-id=\"21\" src=\"https:\/\/adefia.com\/wp-content\/uploads\/2025\/12\/COLLECTE-DES-DECHETS-CUVES-H.jpg\" alt=\"\" class=\"wp-image-21\" srcset=\"https:\/\/adefia.com\/wp-content\/uploads\/2025\/12\/COLLECTE-DES-DECHETS-CUVES-H.jpg 656w, https:\/\/adefia.com\/wp-content\/uploads\/2025\/12\/COLLECTE-DES-DECHETS-CUVES-H-246x300.jpg 246w\" sizes=\"auto, (max-width: 656px) 100vw, 656px\" \/><\/figure>\n\n\n\n<figure class=\"wp-block-image size-large\"><img loading=\"lazy\" decoding=\"async\" width=\"877\" height=\"768\" data-id=\"20\" src=\"https:\/\/adefia.com\/wp-content\/uploads\/2025\/12\/LT-300-CRM.jpg\" alt=\"\" class=\"wp-image-20\" srcset=\"https:\/\/adefia.com\/wp-content\/uploads\/2025\/12\/LT-300-CRM.jpg 877w, https:\/\/adefia.com\/wp-content\/uploads\/2025\/12\/LT-300-CRM-300x263.jpg 300w, https:\/\/adefia.com\/wp-content\/uploads\/2025\/12\/LT-300-CRM-768x673.jpg 768w\" sizes=\"auto, (max-width: 877px) 100vw, 877px\" \/><\/figure>\n\n\n\n<figure class=\"wp-block-image size-large\"><img loading=\"lazy\" decoding=\"async\" width=\"376\" height=\"340\" data-id=\"19\" src=\"https:\/\/adefia.com\/wp-content\/uploads\/2025\/12\/H340-SL001A.jpg\" alt=\"\" class=\"wp-image-19\" srcset=\"https:\/\/adefia.com\/wp-content\/uploads\/2025\/12\/H340-SL001A.jpg 376w, https:\/\/adefia.com\/wp-content\/uploads\/2025\/12\/H340-SL001A-300x271.jpg 300w\" sizes=\"auto, (max-width: 376px) 100vw, 376px\" \/><\/figure>\n\n\n\n<figure class=\"wp-block-image size-large\"><img loading=\"lazy\" decoding=\"async\" width=\"623\" height=\"800\" data-id=\"15\" src=\"https:\/\/adefia.com\/wp-content\/uploads\/2025\/12\/2013-01-21-005-1.jpg\" alt=\"\" class=\"wp-image-15\" srcset=\"https:\/\/adefia.com\/wp-content\/uploads\/2025\/12\/2013-01-21-005-1.jpg 623w, https:\/\/adefia.com\/wp-content\/uploads\/2025\/12\/2013-01-21-005-1-234x300.jpg 234w\" sizes=\"auto, (max-width: 623px) 100vw, 623px\" \/><\/figure>\n<\/figure>\n<\/div>\n\n\n\n<div class=\"wp-block-group alignfull has-global-padding is-layout-constrained wp-block-group-is-layout-constrained\" style=\"margin-top:0;margin-bottom:0;padding-top:var(--wp--preset--spacing--50);padding-bottom:var(--wp--preset--spacing--50)\">\n<div class=\"wp-block-group alignwide has-global-padding is-layout-constrained wp-block-group-is-layout-constrained\">\n<p class=\"has-text-align-center\"><a href=\"mailto:info@adefia.com\" data-type=\"mailto\" data-id=\"mailto:info@adefia.com\"><strong>Nous contacter<\/strong><\/a><\/p>\n<\/div>\n<\/div>\n","protected":false},"excerpt":{"rendered":"<p>Notre entreprise se consacre \u00e0 fournir des solutions de stockage adapt\u00e9es aux besoins de chacun de ses clients.Nous offrons une vaste s\u00e9lection de conteneurs standard, mais nous&nbsp;proposons \u00e9galement des solutions sur mesure pour r\u00e9pondre \u00e0 toutes les demandes sp\u00e9cifiques. Notre bureau d&rsquo;\u00e9tude travaille en \u00e9troite collaboration avec ses clients pour cr\u00e9er des am\u00e9nagements personnalis\u00e9s qui [&hellip;]<\/p>\n","protected":false},"author":1,"featured_media":8,"parent":0,"menu_order":0,"comment_status":"closed","ping_status":"closed","template":"","meta":{"footnotes":""},"class_list":["post-7","page","type-page","status-publish","has-post-thumbnail","hentry"],"_links":{"self":[{"href":"https:\/\/adefia.com\/index.php\/wp-json\/wp\/v2\/pages\/7","targetHints":{"allow":["GET"]}}],"collection":[{"href":"https:\/\/adefia.com\/index.php\/wp-json\/wp\/v2\/pages"}],"about":[{"href":"https:\/\/adefia.com\/index.php\/wp-json\/wp\/v2\/types\/page"}],"author":[{"embeddable":true,"href":"https:\/\/adefia.com\/index.php\/wp-json\/wp\/v2\/users\/1"}],"replies":[{"embeddable":true,"href":"https:\/\/adefia.com\/index.php\/wp-json\/wp\/v2\/comments?post=7"}],"version-history":[{"count":9,"href":"https:\/\/adefia.com\/index.php\/wp-json\/wp\/v2\/pages\/7\/revisions"}],"predecessor-version":[{"id":47,"href":"https:\/\/adefia.com\/index.php\/wp-json\/wp\/v2\/pages\/7\/revisions\/47"}],"wp:featuredmedia":[{"embeddable":true,"href":"https:\/\/adefia.com\/index.php\/wp-json\/wp\/v2\/media\/8"}],"wp:attachment":[{"href":"https:\/\/adefia.com\/index.php\/wp-json\/wp\/v2\/media?parent=7"}],"curies":[{"name":"wp","href":"https:\/\/api.w.org\/{rel}","templated":true}]}}